{"id":2645,"date":"2023-02-03T08:58:14","date_gmt":"2023-02-03T11:58:14","guid":{"rendered":"http:\/\/sindvigvr.com.br\/website\/?page_id=2645"},"modified":"2024-10-25T11:09:27","modified_gmt":"2024-10-25T14:09:27","slug":"nossa-historia","status":"publish","type":"page","link":"https:\/\/sindvigvr.com.br\/website\/nossa-historia\/","title":{"rendered":"Conhe\u00e7a"},"content":{"rendered":"\t\t<div data-elementor-type=\"wp-page\" data-elementor-id=\"2645\" class=\"elementor elementor-2645\" data-elementor-post-type=\"page\">\n\t\t\t\t<div class=\"elementor-element elementor-element-7f34ffc e-flex e-con-boxed e-con e-parent\" data-id=\"7f34ffc\" data-element_type=\"container\" data-e-type=\"container\">\n\t\t\t\t\t<div class=\"e-con-inner\">\n\t\t\t\t<div class=\"elementor-element elementor-element-645c058 elementor-widget elementor-widget-heading\" data-id=\"645c058\" data-element_type=\"widget\" data-e-type=\"widget\" data-widget_type=\"heading.default\">\n\t\t\t\t<div class=\"elementor-widget-container\">\n\t\t\t\t\t<h2 class=\"elementor-heading-title elementor-size-default\">Hist\u00f3ria da Seguran\u00e7a Privada no Brasil e dos Vigilantes\n<\/h2>\t\t\t\t<\/div>\n\t\t\t\t<\/div>\n\t\t\t\t<div class=\"elementor-element elementor-element-37ab701 elementor-widget elementor-widget-text-editor\" data-id=\"37ab701\" data-element_type=\"widget\" data-e-type=\"widget\" data-widget_type=\"text-editor.default\">\n\t\t\t\t<div class=\"elementor-widget-container\">\n\t\t\t\t\t\t\t\t\t<p>No final dos anos 60, em plena ditadura militar, os movimentos de esquerda, envolvendo pol\u00edticos e sindicalistas cassados, estudantes e outros setores mais radicais que pregavam a luta armada como forma de derrubar o governo, passaram a praticar assaltos a bancos, visando financiar com os recursos arrecadados, as a\u00e7\u00f5es pol\u00edticas daqueles movimentos.<\/p><p>Com a doen\u00e7a do general Costa e Silva, que ficou afastado da presid\u00eancia e depois veio a falecer, os tr\u00eas ministros militares, passaram a dirigir o nosso pa\u00eds, em 1969. Em Novembro deste ano, assinado pelos ministros militares, entra em vigor o Decreto n. 1034, estabelecendo que o seguro dos assaltos s\u00f3 ser\u00e3o pagos se a institui\u00e7\u00e3o financeira possuir seguran\u00e7a pr\u00f3pria ou contratada.<\/p><p>Como os bancos n\u00e3o queriam contratar diretamente os profissionais para fazer a seguran\u00e7a, porque seriam banc\u00e1rios, com bons sal\u00e1rios, carga hor\u00e1ria di\u00e1ria de seis horas e outros benef\u00edcios, preferiram contratar esses servi\u00e7os atrav\u00e9s das empresas que estavam surgindo para aquela finalidade. Essas empresas, tinham em suas dire\u00e7\u00f5es militares da reserva, delegados de pol\u00edcia aposentados e outros pequenos empres\u00e1rios, todos muito ligados aos dirigentes da ditadura.<\/p><p>As normas para funcionamento das empresas ficaram a cargo de cada Estado da Federa\u00e7\u00e3o. No Rio (antigo Estado da Guanabara), coube \u00e0 Secretaria de Seguran\u00e7a P\u00fablica essa tarefa. As empresas contratavam os vigilantes, que eram chamados de guardas de vigil\u00e2ncia, davam o treinamento em suas sedes, e depois encaminhavam para a Academia de Pol\u00edcia Civil para fazer a prova e no mesmo dia recebia a ATA &#8211; que era um formul\u00e1rio padr\u00e3o que constava o nome do candidato, sua identidade e os espa\u00e7os em branco para que os examinadores da Academia colocassem as notas, encaminhado pelas empresas. O exame psicot\u00e9cnico era feito no mesmo dia, antes das provas de no\u00e7\u00f5es de direito, primeiros socorros, preven\u00e7\u00e3o e combate a inc\u00eandio, defesa pessoal, tiro, organiza\u00e7\u00e3o policial, m\u00e9todos e processo de vigil\u00e2ncia. Havia ainda o exame de capacidade f\u00edsica que inclu\u00eda uma corrida com saco nas costas. Aquela ata s\u00f3 servia para a empresa que deu o treinamento e encaminhou para a prova. Se mudasse de empresa era obrigado a fazer tudo de novo.<\/p><p>Antes da fus\u00e3o dos Estados da Guanabara com o antigo Estado do Rio de Janeiro, em 1975, a situa\u00e7\u00e3o das empresas e dos vigilantes, n\u00e3o era bem definida nas normas. Somente com a cria\u00e7\u00e3o do novo Estado do Rio de Janeiro \u00e9 que ficou melhor organizada essa atividade. A fiscaliza\u00e7\u00e3o das empresas cabia \u00e0 DSOS, subordinada \u00e0 Pol\u00edcia Civil do Estado.<\/p><p>Com o crescimento do setor em todo Brasil, e com normas variadas nos Estados, em 1983, foi aprovada a Lei Federal n. 7.102, regulando as atividades da seguran\u00e7a privada em todo Pa\u00eds. Surgia a\u00ed os cursos como empresas, as mat\u00e9rias com carga hor\u00e1ria e todas as normas para o funcionamento das empresas e as atividades dos profissionais.<\/p><p>Por volta de 1979, os vigilantes se organizaram em associa\u00e7\u00f5es pois a ditadura militar co\u00edbe o direito de livre organiza\u00e7\u00e3o dos trabalhadores e impede a cria\u00e7\u00e3o de sindicatos. Depois de muitas lutas e enfrentamentos, algumas lideran\u00e7as pol\u00edticas dentro da categoria dos vigilantes fundaram em Bras\u00edlia o primeiro sindicato do pa\u00eds.<\/p><p>Era dado o primeiro passo. A partir da\u00ed come\u00e7aram a surgir associa\u00e7\u00f5es em todo o pa\u00eds. Come\u00e7ava o trabalho pela conscientiza\u00e7\u00e3o da categoria de vigilantes.<\/p><p>\u00a0<\/p><p><strong>SINDICATO DOS EMPREGADOS EM EMPRESAS DE SEGURAN\u00c7A E VIGIL\u00c2NCIA, TRANSPORTE DE VALORES E SIMILARES DE VOLTA REDONDA E REGI\u00c3O SUL FLUMINENSE<\/strong><\/p><p>Em 6 de agosto de 1988, nasce ent\u00e3o em Volta Redonda o nosso sindicato, que naquela \u00e9poca iniciou como associa\u00e7\u00e3o. Seu 1\u00ba presidente foi Lafaiete Marinho (in memoriam). A sede funcionava no Edif\u00edcio Redondo, no Aterrado.<\/p><p>De l\u00e1 para c\u00e1 nossa hist\u00f3ria foi marcada por muitas lutas, greves e movimentos em toda a regi\u00e3o Sul Fluminense. Culminando, inclusive, com a pris\u00e3o de diretores que n\u00e3o mediam esfor\u00e7os em defesa da classe dos vigilantes.<\/p><p>Nosso objetivo \u00e9 fortalecer cada vez mais a nossa categoria, apoiando os trabalhadores e mostrando a eles que o sindicato \u00e9 a sua casa, um espa\u00e7o onde eles podem reivindicar melhores condi\u00e7\u00f5es de trabalho e sal\u00e1rios dignos.<\/p>\t\t\t\t\t\t\t\t<\/div>\n\t\t\t\t<\/div>\n\t\t\t\t\t<\/div>\n\t\t\t\t<\/div>\n\t\t<div class=\"elementor-element elementor-element-1f7c986 e-flex e-con-boxed e-con e-parent\" data-id=\"1f7c986\" data-element_type=\"container\" data-e-type=\"container\">\n\t\t\t\t\t<div class=\"e-con-inner\">\n\t\t\t\t<div class=\"elementor-element elementor-element-8e8c94a elementor-widget elementor-widget-image\" data-id=\"8e8c94a\" data-element_type=\"widget\" data-e-type=\"widget\" data-widget_type=\"image.default\">\n\t\t\t\t<div class=\"elementor-widget-container\">\n\t\t\t\t\t\t\t\t\t\t\t\t<figure class=\"wp-caption\">\n\t\t\t\t\t\t\t\t\t\t<img fetchpriority=\"high\" decoding=\"async\" width=\"800\" height=\"857\" src=\"https:\/\/sindvigvr.com.br\/website\/wp-content\/uploads\/2024\/10\/valeria-sindicato-dos-vigilantes-1.jpg\" class=\"attachment-large size-large wp-image-4392\" alt=\"\" srcset=\"https:\/\/sindvigvr.com.br\/website\/wp-content\/uploads\/2024\/10\/valeria-sindicato-dos-vigilantes-1.jpg 900w, https:\/\/sindvigvr.com.br\/website\/wp-content\/uploads\/2024\/10\/valeria-sindicato-dos-vigilantes-1-280x300.jpg 280w, https:\/\/sindvigvr.com.br\/website\/wp-content\/uploads\/2024\/10\/valeria-sindicato-dos-vigilantes-1-768x823.jpg 768w\" sizes=\"(max-width: 800px) 100vw, 800px\" \/>\t\t\t\t\t\t\t\t\t\t\t<figcaption class=\"widget-image-caption wp-caption-text\"><b>Val\u00e9ria Gon\u00e7alves Martins <br> Presidente<\/b><\/figcaption>\n\t\t\t\t\t\t\t\t\t\t<\/figure>\n\t\t\t\t\t\t\t\t\t<\/div>\n\t\t\t\t<\/div>\n\t\t\t\t\t<\/div>\n\t\t\t\t<\/div>\n\t\t\t\t<\/div>\n\t\t","protected":false},"excerpt":{"rendered":"<p>Hist\u00f3ria da Seguran\u00e7a Privada no Brasil e dos Vigilantes No final dos anos 60, em plena ditadura militar, os movimentos de esquerda, envolvendo pol\u00edticos e sindicalistas cassados, estudantes e outros setores mais radicais que pregavam a luta armada como forma de derrubar o governo, passaram a praticar assaltos a bancos, visando financiar com os recursos [&hellip;]<\/p>\n","protected":false},"author":1,"featured_media":0,"parent":0,"menu_order":0,"comment_status":"closed","ping_status":"closed","template":"","meta":{"footnotes":""},"class_list":["post-2645","page","type-page","status-publish","hentry"],"rttpg_featured_image_url":null,"rttpg_author":{"display_name":"servidormaster","author_link":"https:\/\/sindvigvr.com.br\/website\/author\/servidormaster\/"},"rttpg_comment":0,"rttpg_category":null,"rttpg_excerpt":"Hist\u00f3ria da Seguran\u00e7a Privada no Brasil e dos Vigilantes No final dos anos 60, em plena ditadura militar, os movimentos de esquerda, envolvendo pol\u00edticos e sindicalistas cassados, estudantes e outros setores mais radicais que pregavam a luta armada como forma de derrubar o governo, passaram a praticar assaltos a bancos, visando financiar com os recursos&hellip;","_links":{"self":[{"href":"https:\/\/sindvigvr.com.br\/website\/wp-json\/wp\/v2\/pages\/2645","targetHints":{"allow":["GET"]}}],"collection":[{"href":"https:\/\/sindvigvr.com.br\/website\/wp-json\/wp\/v2\/pages"}],"about":[{"href":"https:\/\/sindvigvr.com.br\/website\/wp-json\/wp\/v2\/types\/page"}],"author":[{"embeddable":true,"href":"https:\/\/sindvigvr.com.br\/website\/wp-json\/wp\/v2\/users\/1"}],"replies":[{"embeddable":true,"href":"https:\/\/sindvigvr.com.br\/website\/wp-json\/wp\/v2\/comments?post=2645"}],"version-history":[{"count":0,"href":"https:\/\/sindvigvr.com.br\/website\/wp-json\/wp\/v2\/pages\/2645\/revisions"}],"wp:attachment":[{"href":"https:\/\/sindvigvr.com.br\/website\/wp-json\/wp\/v2\/media?parent=2645"}],"curies":[{"name":"wp","href":"https:\/\/api.w.org\/{rel}","templated":true}]}}