{"id":2733,"date":"2023-02-03T11:31:08","date_gmt":"2023-02-03T14:31:08","guid":{"rendered":"http:\/\/sindvigvr.com.br\/website\/?page_id=2733"},"modified":"2023-02-05T18:38:40","modified_gmt":"2023-02-05T21:38:40","slug":"tabela-salarial","status":"publish","type":"page","link":"https:\/\/sindvigvr.com.br\/website\/tabela-salarial\/","title":{"rendered":"Sal\u00e1rio"},"content":{"rendered":"\t\t<div data-elementor-type=\"wp-page\" data-elementor-id=\"2733\" class=\"elementor elementor-2733\" data-elementor-post-type=\"page\">\n\t\t\t\t<div class=\"elementor-element elementor-element-7f34ffc e-flex e-con-boxed e-con e-parent\" data-id=\"7f34ffc\" data-element_type=\"container\" data-e-type=\"container\">\n\t\t\t\t\t<div class=\"e-con-inner\">\n\t\t\t\t<div class=\"elementor-element elementor-element-645c058 elementor-widget elementor-widget-heading\" data-id=\"645c058\" data-element_type=\"widget\" data-e-type=\"widget\" data-widget_type=\"heading.default\">\n\t\t\t\t<div class=\"elementor-widget-container\">\n\t\t\t\t\t<h2 class=\"elementor-heading-title elementor-size-default\">Tabela de Sal\u00e1rios dos Vigilantes 2023 - Regi\u00e3o Sul Fluminense\n\n\n<\/h2>\t\t\t\t<\/div>\n\t\t\t\t<\/div>\n\t\t\t\t<div class=\"elementor-element elementor-element-2d98e23 elementor-widget elementor-widget-heading\" data-id=\"2d98e23\" data-element_type=\"widget\" data-e-type=\"widget\" data-widget_type=\"heading.default\">\n\t\t\t\t<div class=\"elementor-widget-container\">\n\t\t\t\t\t<h4 class=\"elementor-heading-title elementor-size-default\">CONVEN\u00c7\u00c3O 1\u00ba DE JANEIRO DE 2023 A 31 DE DEZEMBRO DE 2023\n\n<\/h4>\t\t\t\t<\/div>\n\t\t\t\t<\/div>\n\t\t\t\t<div class=\"elementor-element elementor-element-37ab701 elementor-widget elementor-widget-text-editor\" data-id=\"37ab701\" data-element_type=\"widget\" data-e-type=\"widget\" data-widget_type=\"text-editor.default\">\n\t\t\t\t<div class=\"elementor-widget-container\">\n\t\t\t\t\t\t\t\t\t<p>Reajuste Piso: 6,11%<\/p><p>Reajuste T\u00edquete: 6,04%<\/p><p>T\u00edquete Refei\u00e7\u00e3o da Patrimonial: R$ 33,88<\/p><p>T\u00edquete Refei\u00e7\u00e3o da Escolta Armada: R$ 36,21 \/ Caf\u00e9 da manh\u00e3: R$ 6,36<\/p><p>Mensalidade Sindical (3% do Piso): R$ 52,91<\/p><p>Tri\u00eanio: 2% sobre o Piso Salarial para os atuais empregados \/ Empregados contratados a partir de 01\/03\/2017 &#8211; R$ 16,13 a mais no vale-alimenta\u00e7\u00e3o por m\u00eas.<\/p>\t\t\t\t\t\t\t\t<\/div>\n\t\t\t\t<\/div>\n\t\t\t\t<div class=\"elementor-element elementor-element-0933cc2 elementor-widget elementor-widget-image\" data-id=\"0933cc2\" data-element_type=\"widget\" data-e-type=\"widget\" data-widget_type=\"image.default\">\n\t\t\t\t<div class=\"elementor-widget-container\">\n\t\t\t\t\t\t\t\t\t\t\t\t\t\t\t\t<a href=\"http:\/\/servidormaster.net\/sindivr\/wp-content\/uploads\/2023\/02\/tabela-salarial-vigilantes-2023-sul-fluminense.jpg\" data-elementor-open-lightbox=\"yes\" data-elementor-lightbox-title=\"tabela-salarial-vigilantes-2023-sul-fluminense\" data-e-action-hash=\"#elementor-action%3Aaction%3Dlightbox%26settings%3DeyJpZCI6MjczNSwidXJsIjoiaHR0cHM6XC9cL3NpbmR2aWd2ci5jb20uYnJcL3dlYnNpdGVcL3dwLWNvbnRlbnRcL3VwbG9hZHNcLzIwMjNcLzAyXC90YWJlbGEtc2FsYXJpYWwtdmlnaWxhbnRlcy0yMDIzLXN1bC1mbHVtaW5lbnNlLmpwZyJ9\">\n\t\t\t\t\t\t\t<img fetchpriority=\"high\" decoding=\"async\" width=\"800\" height=\"551\" src=\"https:\/\/sindvigvr.com.br\/website\/wp-content\/uploads\/2023\/02\/tabela-salarial-vigilantes-2023-sul-fluminense.jpg\" class=\"attachment-large size-large wp-image-2735\" alt=\"\" srcset=\"https:\/\/sindvigvr.com.br\/website\/wp-content\/uploads\/2023\/02\/tabela-salarial-vigilantes-2023-sul-fluminense.jpg 914w, https:\/\/sindvigvr.com.br\/website\/wp-content\/uploads\/2023\/02\/tabela-salarial-vigilantes-2023-sul-fluminense-300x207.jpg 300w, https:\/\/sindvigvr.com.br\/website\/wp-content\/uploads\/2023\/02\/tabela-salarial-vigilantes-2023-sul-fluminense-768x529.jpg 768w\" sizes=\"(max-width: 800px) 100vw, 800px\" \/>\t\t\t\t\t\t\t\t<\/a>\n\t\t\t\t\t\t\t\t\t\t\t\t\t\t\t<\/div>\n\t\t\t\t<\/div>\n\t\t\t\t<div class=\"elementor-element elementor-element-90ecfcc elementor-widget elementor-widget-text-editor\" data-id=\"90ecfcc\" data-element_type=\"widget\" data-e-type=\"widget\" data-widget_type=\"text-editor.default\">\n\t\t\t\t<div class=\"elementor-widget-container\">\n\t\t\t\t\t\t\t\t\t<p>Per\u00edodo Noturno: 22h \u00e0s 5h = 7 horas de trabalho que valem por 8h. (Hora reduzida &#8211; CCT)<\/p><p>VIGILANTE PARCIAL = R$ 10,42 X 125 HORAS = R$ 1.302,50<\/p><p><strong>EVENTOS:<br \/><\/strong>12 HORAS: R$ 170,37 mais Lanche Misto + Fruta + Bebida<br \/>10 HORAS: R$ 145,87 mais Lanche Misto + Fruta + Bebida<\/p><p>Eventos com mais de 6 horas de dura\u00e7\u00e3o ser\u00e1 oferecido 1 t\u00edquete refei\u00e7\u00e3o.<br \/>Agora a empresa n\u00e3o pode exigir a presen\u00e7a do Vigilante com mais de duas horas de anteced\u00eancia no local do evento.<\/p>\t\t\t\t\t\t\t\t<\/div>\n\t\t\t\t<\/div>\n\t\t\t\t\t<\/div>\n\t\t\t\t<\/div>\n\t\t\t\t<\/div>\n\t\t","protected":false},"excerpt":{"rendered":"<p>Tabela de Sal\u00e1rios dos Vigilantes 2023 &#8211; Regi\u00e3o Sul Fluminense CONVEN\u00c7\u00c3O 1\u00ba DE JANEIRO DE 2023 A 31 DE DEZEMBRO DE 2023 Reajuste Piso: 6,11% Reajuste T\u00edquete: 6,04% T\u00edquete Refei\u00e7\u00e3o da Patrimonial: R$ 33,88 T\u00edquete Refei\u00e7\u00e3o da Escolta Armada: R$ 36,21 \/ Caf\u00e9 da manh\u00e3: R$ 6,36 Mensalidade Sindical (3% do Piso): R$ 52,91 Tri\u00eanio: [&hellip;]<\/p>\n","protected":false},"author":1,"featured_media":0,"parent":0,"menu_order":0,"comment_status":"closed","ping_status":"closed","template":"","meta":{"footnotes":""},"class_list":["post-2733","page","type-page","status-publish","hentry"],"rttpg_featured_image_url":null,"rttpg_author":{"display_name":"servidormaster","author_link":"https:\/\/sindvigvr.com.br\/website\/author\/servidormaster\/"},"rttpg_comment":0,"rttpg_category":null,"rttpg_excerpt":"Tabela de Sal\u00e1rios dos Vigilantes 2023 &#8211; Regi\u00e3o Sul Fluminense CONVEN\u00c7\u00c3O 1\u00ba DE JANEIRO DE 2023 A 31 DE DEZEMBRO DE 2023 Reajuste Piso: 6,11% Reajuste T\u00edquete: 6,04% T\u00edquete Refei\u00e7\u00e3o da Patrimonial: R$ 33,88 T\u00edquete Refei\u00e7\u00e3o da Escolta Armada: R$ 36,21 \/ Caf\u00e9 da manh\u00e3: R$ 6,36 Mensalidade Sindical (3% do Piso): R$ 52,91 Tri\u00eanio:&hellip;","_links":{"self":[{"href":"https:\/\/sindvigvr.com.br\/website\/wp-json\/wp\/v2\/pages\/2733","targetHints":{"allow":["GET"]}}],"collection":[{"href":"https:\/\/sindvigvr.com.br\/website\/wp-json\/wp\/v2\/pages"}],"about":[{"href":"https:\/\/sindvigvr.com.br\/website\/wp-json\/wp\/v2\/types\/page"}],"author":[{"embeddable":true,"href":"https:\/\/sindvigvr.com.br\/website\/wp-json\/wp\/v2\/users\/1"}],"replies":[{"embeddable":true,"href":"https:\/\/sindvigvr.com.br\/website\/wp-json\/wp\/v2\/comments?post=2733"}],"version-history":[{"count":0,"href":"https:\/\/sindvigvr.com.br\/website\/wp-json\/wp\/v2\/pages\/2733\/revisions"}],"wp:attachment":[{"href":"https:\/\/sindvigvr.com.br\/website\/wp-json\/wp\/v2\/media?parent=2733"}],"curies":[{"name":"wp","href":"https:\/\/api.w.org\/{rel}","templated":true}]}}