{"id":2759,"date":"2023-02-05T18:10:04","date_gmt":"2023-02-05T21:10:04","guid":{"rendered":"http:\/\/sindvigvr.com.br\/website\/?page_id=2759"},"modified":"2023-02-05T18:16:09","modified_gmt":"2023-02-05T21:16:09","slug":"denuncias-e-reclamacoes","status":"publish","type":"page","link":"https:\/\/sindvigvr.com.br\/website\/denuncias-e-reclamacoes\/","title":{"rendered":"Den\u00fancias e Reclama\u00e7\u00f5es"},"content":{"rendered":"\t\t<div data-elementor-type=\"wp-page\" data-elementor-id=\"2759\" class=\"elementor elementor-2759\" data-elementor-post-type=\"page\">\n\t\t\t\t<div class=\"elementor-element elementor-element-3f1b6d9 e-flex e-con-boxed e-con e-parent\" data-id=\"3f1b6d9\" data-element_type=\"container\" data-e-type=\"container\">\n\t\t\t\t\t<div class=\"e-con-inner\">\n\t\t\t\t<div class=\"elementor-element elementor-element-c0df61d elementor-widget elementor-widget-html\" data-id=\"c0df61d\" data-element_type=\"widget\" data-e-type=\"widget\" data-widget_type=\"html.default\">\n\t\t\t\t<div class=\"elementor-widget-container\">\n\t\t\t\t\t<script type=\"text\/javascript\" src=\"https:\/\/form.jotform.com\/jsform\/222575330010643\"><\/script>\t\t\t\t<\/div>\n\t\t\t\t<\/div>\n\t\t\t\t\t<\/div>\n\t\t\t\t<\/div>\n\t\t\t\t<\/div>\n\t\t","protected":false},"excerpt":{"rendered":"","protected":false},"author":1,"featured_media":0,"parent":0,"menu_order":0,"comment_status":"closed","ping_status":"closed","template":"","meta":{"footnotes":""},"class_list":["post-2759","page","type-page","status-publish","hentry"],"rttpg_featured_image_url":null,"rttpg_author":{"display_name":"servidormaster","author_link":"https:\/\/sindvigvr.com.br\/website\/author\/servidormaster\/"},"rttpg_comment":0,"rttpg_category":null,"rttpg_excerpt":null,"_links":{"self":[{"href":"https:\/\/sindvigvr.com.br\/website\/wp-json\/wp\/v2\/pages\/2759","targetHints":{"allow":["GET"]}}],"collection":[{"href":"https:\/\/sindvigvr.com.br\/website\/wp-json\/wp\/v2\/pages"}],"about":[{"href":"https:\/\/sindvigvr.com.br\/website\/wp-json\/wp\/v2\/types\/page"}],"author":[{"embeddable":true,"href":"https:\/\/sindvigvr.com.br\/website\/wp-json\/wp\/v2\/users\/1"}],"replies":[{"embeddable":true,"href":"https:\/\/sindvigvr.com.br\/website\/wp-json\/wp\/v2\/comments?post=2759"}],"version-history":[{"count":0,"href":"https:\/\/sindvigvr.com.br\/website\/wp-json\/wp\/v2\/pages\/2759\/revisions"}],"wp:attachment":[{"href":"https:\/\/sindvigvr.com.br\/website\/wp-json\/wp\/v2\/media?parent=2759"}],"curies":[{"name":"wp","href":"https:\/\/api.w.org\/{rel}","templated":true}]}}