{"id":2986,"date":"2023-05-10T11:51:47","date_gmt":"2023-05-10T14:51:47","guid":{"rendered":"http:\/\/sindvigvr.com.br\/website\/?page_id=2986"},"modified":"2023-05-10T11:57:48","modified_gmt":"2023-05-10T14:57:48","slug":"cursos","status":"publish","type":"page","link":"https:\/\/sindvigvr.com.br\/website\/cursos\/","title":{"rendered":"Cursos"},"content":{"rendered":"\t\t<div data-elementor-type=\"wp-page\" data-elementor-id=\"2986\" class=\"elementor elementor-2986\" data-elementor-post-type=\"page\">\n\t\t\t\t<div class=\"elementor-element elementor-element-810bf7c e-flex e-con-boxed e-con e-parent\" data-id=\"810bf7c\" data-element_type=\"container\" data-e-type=\"container\">\n\t\t\t\t\t<div class=\"e-con-inner\">\n\t\t\t\t<div class=\"elementor-element elementor-element-c4b266c elementor-widget elementor-widget-heading\" data-id=\"c4b266c\" data-element_type=\"widget\" data-e-type=\"widget\" data-widget_type=\"heading.default\">\n\t\t\t\t<div class=\"elementor-widget-container\">\n\t\t\t\t\t<h2 class=\"elementor-heading-title elementor-size-default\">Cursos de Forma\u00e7\u00e3o e Reciclagem <\/h2>\t\t\t\t<\/div>\n\t\t\t\t<\/div>\n\t\t\t\t<div class=\"elementor-element elementor-element-875d4e6 elementor-widget__width-initial elementor-widget elementor-widget-text-editor\" data-id=\"875d4e6\" data-element_type=\"widget\" data-e-type=\"widget\" data-widget_type=\"text-editor.default\">\n\t\t\t\t<div class=\"elementor-widget-container\">\n\t\t\t\t\t\t\t\t\t<p><strong>CEFAP (<\/strong><strong>Centro de Forma\u00e7\u00e3o de Agentes Patrimonial)<\/strong><\/p><p>Rua dos A\u00e7ores, n\u00ba 235 &#8211; Retiro &#8211; Volta Redonda &#8211; RJ<br \/>Telefone: (24) 3346-0030<\/p><p><strong>KWAN SEGURAN\u00c7A PRIVADA <\/strong><br \/><strong>Centro de Forma\u00e7\u00e3o e Instru\u00e7\u00e3o<\/strong><\/p><p>Rua Ary Fontenelle, 548 &#8211; Estamparia &#8211; Barra Mansa &#8211; RJ<br \/>Telefone: (24) 3328-5208<\/p>\t\t\t\t\t\t\t\t<\/div>\n\t\t\t\t<\/div>\n\t\t\t\t\t<\/div>\n\t\t\t\t<\/div>\n\t\t\t\t<\/div>\n\t\t","protected":false},"excerpt":{"rendered":"<p>Cursos de Forma\u00e7\u00e3o e Reciclagem CEFAP (Centro de Forma\u00e7\u00e3o de Agentes Patrimonial) Rua dos A\u00e7ores, n\u00ba 235 &#8211; Retiro &#8211; Volta Redonda &#8211; RJTelefone: (24) 3346-0030 KWAN SEGURAN\u00c7A PRIVADA Centro de Forma\u00e7\u00e3o e Instru\u00e7\u00e3o Rua Ary Fontenelle, 548 &#8211; Estamparia &#8211; Barra Mansa &#8211; RJTelefone: (24) 3328-5208<\/p>\n","protected":false},"author":1,"featured_media":0,"parent":0,"menu_order":0,"comment_status":"closed","ping_status":"closed","template":"","meta":{"footnotes":""},"class_list":["post-2986","page","type-page","status-publish","hentry"],"rttpg_featured_image_url":null,"rttpg_author":{"display_name":"servidormaster","author_link":"https:\/\/sindvigvr.com.br\/website\/author\/servidormaster\/"},"rttpg_comment":0,"rttpg_category":null,"rttpg_excerpt":"Cursos de Forma\u00e7\u00e3o e Reciclagem CEFAP (Centro de Forma\u00e7\u00e3o de Agentes Patrimonial) Rua dos A\u00e7ores, n\u00ba 235 &#8211; Retiro &#8211; Volta Redonda &#8211; RJTelefone: (24) 3346-0030 KWAN SEGURAN\u00c7A PRIVADA Centro de Forma\u00e7\u00e3o e Instru\u00e7\u00e3o Rua Ary Fontenelle, 548 &#8211; Estamparia &#8211; Barra Mansa &#8211; RJTelefone: (24) 3328-5208","_links":{"self":[{"href":"https:\/\/sindvigvr.com.br\/website\/wp-json\/wp\/v2\/pages\/2986","targetHints":{"allow":["GET"]}}],"collection":[{"href":"https:\/\/sindvigvr.com.br\/website\/wp-json\/wp\/v2\/pages"}],"about":[{"href":"https:\/\/sindvigvr.com.br\/website\/wp-json\/wp\/v2\/types\/page"}],"author":[{"embeddable":true,"href":"https:\/\/sindvigvr.com.br\/website\/wp-json\/wp\/v2\/users\/1"}],"replies":[{"embeddable":true,"href":"https:\/\/sindvigvr.com.br\/website\/wp-json\/wp\/v2\/comments?post=2986"}],"version-history":[{"count":0,"href":"https:\/\/sindvigvr.com.br\/website\/wp-json\/wp\/v2\/pages\/2986\/revisions"}],"wp:attachment":[{"href":"https:\/\/sindvigvr.com.br\/website\/wp-json\/wp\/v2\/media?parent=2986"}],"curies":[{"name":"wp","href":"https:\/\/api.w.org\/{rel}","templated":true}]}}