{"id":2992,"date":"2023-05-10T12:00:23","date_gmt":"2023-05-10T15:00:23","guid":{"rendered":"http:\/\/sindvigvr.com.br\/website\/?page_id=2992"},"modified":"2023-05-10T12:20:06","modified_gmt":"2023-05-10T15:20:06","slug":"assesoria-juridica","status":"publish","type":"page","link":"https:\/\/sindvigvr.com.br\/website\/assesoria-juridica\/","title":{"rendered":"Assessoria Jur\u00eddica"},"content":{"rendered":"\t\t<div data-elementor-type=\"wp-page\" data-elementor-id=\"2992\" class=\"elementor elementor-2992\" data-elementor-post-type=\"page\">\n\t\t\t\t<div class=\"elementor-element elementor-element-9d74b5e e-flex e-con-boxed e-con e-parent\" data-id=\"9d74b5e\" data-element_type=\"container\" data-e-type=\"container\">\n\t\t\t\t\t<div class=\"e-con-inner\">\n\t\t<div class=\"elementor-element elementor-element-37d8503 e-con-full e-flex e-con e-parent\" data-id=\"37d8503\" data-element_type=\"container\" data-e-type=\"container\">\n\t\t\t\t<div class=\"elementor-element elementor-element-1a9f835 elementor-widget elementor-widget-image\" data-id=\"1a9f835\" data-element_type=\"widget\" data-e-type=\"widget\" data-widget_type=\"image.default\">\n\t\t\t\t<div class=\"elementor-widget-container\">\n\t\t\t\t\t\t\t\t\t\t\t\t\t\t\t<img fetchpriority=\"high\" decoding=\"async\" width=\"500\" height=\"275\" src=\"https:\/\/sindvigvr.com.br\/website\/wp-content\/uploads\/2023\/05\/juridico2.jpg\" class=\"attachment-large size-large wp-image-2995\" alt=\"\" srcset=\"https:\/\/sindvigvr.com.br\/website\/wp-content\/uploads\/2023\/05\/juridico2.jpg 500w, https:\/\/sindvigvr.com.br\/website\/wp-content\/uploads\/2023\/05\/juridico2-300x165.jpg 300w\" sizes=\"(max-width: 500px) 100vw, 500px\" \/>\t\t\t\t\t\t\t\t\t\t\t\t\t\t\t<\/div>\n\t\t\t\t<\/div>\n\t\t\t\t<\/div>\n\t\t<div class=\"elementor-element elementor-element-1a92ff6 e-con-full e-flex e-con e-parent\" data-id=\"1a92ff6\" data-element_type=\"container\" data-e-type=\"container\">\n\t\t\t\t<div class=\"elementor-element elementor-element-92f30eb elementor-widget elementor-widget-text-editor\" data-id=\"92f30eb\" data-element_type=\"widget\" data-e-type=\"widget\" data-widget_type=\"text-editor.default\">\n\t\t\t\t<div class=\"elementor-widget-container\">\n\t\t\t\t\t\t\t\t\t<p>O Sindicato dos Vigilantes oferece aos seus associados um servi\u00e7o de assessoria jur\u00eddica.<\/p><p>Todas as quintas-feiras, na parte da manh\u00e3, a\u00a0advogada Dr\u00aa Daiana est\u00e1 presente em nossa sede, a fim de orientar e esclarecer as d\u00favidas de nossos associados.<\/p>\t\t\t\t\t\t\t\t<\/div>\n\t\t\t\t<\/div>\n\t\t\t\t<\/div>\n\t\t\t\t\t<\/div>\n\t\t\t\t<\/div>\n\t\t\t\t<\/div>\n\t\t","protected":false},"excerpt":{"rendered":"<p>O Sindicato dos Vigilantes oferece aos seus associados um servi\u00e7o de assessoria jur\u00eddica. Todas as quintas-feiras, na parte da manh\u00e3, a\u00a0advogada Dr\u00aa Daiana est\u00e1 presente em nossa sede, a fim de orientar e esclarecer as d\u00favidas de nossos associados.<\/p>\n","protected":false},"author":1,"featured_media":0,"parent":0,"menu_order":0,"comment_status":"closed","ping_status":"closed","template":"","meta":{"footnotes":""},"class_list":["post-2992","page","type-page","status-publish","hentry"],"rttpg_featured_image_url":null,"rttpg_author":{"display_name":"servidormaster","author_link":"https:\/\/sindvigvr.com.br\/website\/author\/servidormaster\/"},"rttpg_comment":0,"rttpg_category":null,"rttpg_excerpt":"O Sindicato dos Vigilantes oferece aos seus associados um servi\u00e7o de assessoria jur\u00eddica. Todas as quintas-feiras, na parte da manh\u00e3, a\u00a0advogada Dr\u00aa Daiana est\u00e1 presente em nossa sede, a fim de orientar e esclarecer as d\u00favidas de nossos associados.","_links":{"self":[{"href":"https:\/\/sindvigvr.com.br\/website\/wp-json\/wp\/v2\/pages\/2992","targetHints":{"allow":["GET"]}}],"collection":[{"href":"https:\/\/sindvigvr.com.br\/website\/wp-json\/wp\/v2\/pages"}],"about":[{"href":"https:\/\/sindvigvr.com.br\/website\/wp-json\/wp\/v2\/types\/page"}],"author":[{"embeddable":true,"href":"https:\/\/sindvigvr.com.br\/website\/wp-json\/wp\/v2\/users\/1"}],"replies":[{"embeddable":true,"href":"https:\/\/sindvigvr.com.br\/website\/wp-json\/wp\/v2\/comments?post=2992"}],"version-history":[{"count":0,"href":"https:\/\/sindvigvr.com.br\/website\/wp-json\/wp\/v2\/pages\/2992\/revisions"}],"wp:attachment":[{"href":"https:\/\/sindvigvr.com.br\/website\/wp-json\/wp\/v2\/media?parent=2992"}],"curies":[{"name":"wp","href":"https:\/\/api.w.org\/{rel}","templated":true}]}}