{"id":3027,"date":"2023-05-10T13:12:59","date_gmt":"2023-05-10T16:12:59","guid":{"rendered":"http:\/\/sindvigvr.com.br\/website\/?page_id=3027"},"modified":"2024-05-23T11:27:54","modified_gmt":"2024-05-23T14:27:54","slug":"plano-ambulatorial-avante-saude","status":"publish","type":"page","link":"https:\/\/sindvigvr.com.br\/website\/plano-ambulatorial-avante-saude\/","title":{"rendered":"Plano Ambulatorial Avante Sa\u00fade"},"content":{"rendered":"\t\t<div data-elementor-type=\"wp-page\" data-elementor-id=\"3027\" class=\"elementor elementor-3027\" data-elementor-post-type=\"page\">\n\t\t\t\t<div class=\"elementor-element elementor-element-9d74b5e e-flex e-con-boxed e-con e-parent\" data-id=\"9d74b5e\" data-element_type=\"container\" data-e-type=\"container\">\n\t\t\t\t\t<div class=\"e-con-inner\">\n\t\t<div class=\"elementor-element elementor-element-37d8503 e-con-full e-flex e-con e-child\" data-id=\"37d8503\" data-element_type=\"container\" data-e-type=\"container\">\n\t\t\t\t<div class=\"elementor-element elementor-element-1a9f835 elementor-widget elementor-widget-image\" data-id=\"1a9f835\" data-element_type=\"widget\" data-e-type=\"widget\" data-widget_type=\"image.default\">\n\t\t\t\t<div class=\"elementor-widget-container\">\n\t\t\t\t\t\t\t\t\t\t\t\t\t\t\t<img fetchpriority=\"high\" decoding=\"async\" width=\"1100\" height=\"743\" src=\"https:\/\/sindvigvr.com.br\/website\/wp-content\/uploads\/2024\/04\/avante-saude.jpg\" class=\"attachment-full size-full wp-image-4033\" alt=\"\" srcset=\"https:\/\/sindvigvr.com.br\/website\/wp-content\/uploads\/2024\/04\/avante-saude.jpg 1100w, https:\/\/sindvigvr.com.br\/website\/wp-content\/uploads\/2024\/04\/avante-saude-300x203.jpg 300w, https:\/\/sindvigvr.com.br\/website\/wp-content\/uploads\/2024\/04\/avante-saude-1024x692.jpg 1024w, https:\/\/sindvigvr.com.br\/website\/wp-content\/uploads\/2024\/04\/avante-saude-768x519.jpg 768w\" sizes=\"(max-width: 1100px) 100vw, 1100px\" \/>\t\t\t\t\t\t\t\t\t\t\t\t\t\t\t<\/div>\n\t\t\t\t<\/div>\n\t\t\t\t<\/div>\n\t\t\t\t\t<\/div>\n\t\t\t\t<\/div>\n\t\t<div class=\"elementor-element elementor-element-16874f0 e-flex e-con-boxed e-con e-parent\" data-id=\"16874f0\" data-element_type=\"container\" data-e-type=\"container\">\n\t\t\t\t\t<div class=\"e-con-inner\">\n\t\t\t\t<div class=\"elementor-element elementor-element-17e4942 elementor-widget elementor-widget-text-editor\" data-id=\"17e4942\" data-element_type=\"widget\" data-e-type=\"widget\" data-widget_type=\"text-editor.default\">\n\t\t\t\t<div class=\"elementor-widget-container\">\n\t\t\t\t\t\t\t\t\t<p>Agora o Sindicato dos Vigilantes est\u00e1 com o plano ambulatorial Avante Sa\u00fade.<\/p><p>Venha buscar a sua carteirinha na sede do Sindicato e saber os pre\u00e7os especiais para incluir os seus dependentes.<\/p>\t\t\t\t\t\t\t\t<\/div>\n\t\t\t\t<\/div>\n\t\t\t\t<div class=\"elementor-element elementor-element-bcb3906 elementor-widget elementor-widget-image\" data-id=\"bcb3906\" data-element_type=\"widget\" data-e-type=\"widget\" data-widget_type=\"image.default\">\n\t\t\t\t<div class=\"elementor-widget-container\">\n\t\t\t\t\t\t\t\t\t\t\t\t\t\t\t<img decoding=\"async\" width=\"717\" height=\"1024\" src=\"https:\/\/sindvigvr.com.br\/website\/wp-content\/uploads\/2024\/04\/WhatsApp-Image-2024-04-24-at-1.08.46-PM-1-717x1024.jpeg\" class=\"attachment-large size-large wp-image-4035\" alt=\"\" srcset=\"https:\/\/sindvigvr.com.br\/website\/wp-content\/uploads\/2024\/04\/WhatsApp-Image-2024-04-24-at-1.08.46-PM-1-717x1024.jpeg 717w, https:\/\/sindvigvr.com.br\/website\/wp-content\/uploads\/2024\/04\/WhatsApp-Image-2024-04-24-at-1.08.46-PM-1-210x300.jpeg 210w, https:\/\/sindvigvr.com.br\/website\/wp-content\/uploads\/2024\/04\/WhatsApp-Image-2024-04-24-at-1.08.46-PM-1-768x1097.jpeg 768w, https:\/\/sindvigvr.com.br\/website\/wp-content\/uploads\/2024\/04\/WhatsApp-Image-2024-04-24-at-1.08.46-PM-1-1075x1536.jpeg 1075w, https:\/\/sindvigvr.com.br\/website\/wp-content\/uploads\/2024\/04\/WhatsApp-Image-2024-04-24-at-1.08.46-PM-1.jpeg 1120w\" sizes=\"(max-width: 717px) 100vw, 717px\" \/>\t\t\t\t\t\t\t\t\t\t\t\t\t\t\t<\/div>\n\t\t\t\t<\/div>\n\t\t\t\t\t<\/div>\n\t\t\t\t<\/div>\n\t\t\t\t<\/div>\n\t\t","protected":false},"excerpt":{"rendered":"<p>Agora o Sindicato dos Vigilantes est\u00e1 com o plano ambulatorial Avante Sa\u00fade. Venha buscar a sua carteirinha na sede do Sindicato e saber os pre\u00e7os especiais para incluir os seus dependentes.<\/p>\n","protected":false},"author":1,"featured_media":0,"parent":0,"menu_order":0,"comment_status":"closed","ping_status":"closed","template":"","meta":{"footnotes":""},"class_list":["post-3027","page","type-page","status-publish","hentry"],"rttpg_featured_image_url":null,"rttpg_author":{"display_name":"servidormaster","author_link":"https:\/\/sindvigvr.com.br\/website\/author\/servidormaster\/"},"rttpg_comment":0,"rttpg_category":null,"rttpg_excerpt":"Agora o Sindicato dos Vigilantes est\u00e1 com o plano ambulatorial Avante Sa\u00fade. Venha buscar a sua carteirinha na sede do Sindicato e saber os pre\u00e7os especiais para incluir os seus dependentes.","_links":{"self":[{"href":"https:\/\/sindvigvr.com.br\/website\/wp-json\/wp\/v2\/pages\/3027","targetHints":{"allow":["GET"]}}],"collection":[{"href":"https:\/\/sindvigvr.com.br\/website\/wp-json\/wp\/v2\/pages"}],"about":[{"href":"https:\/\/sindvigvr.com.br\/website\/wp-json\/wp\/v2\/types\/page"}],"author":[{"embeddable":true,"href":"https:\/\/sindvigvr.com.br\/website\/wp-json\/wp\/v2\/users\/1"}],"replies":[{"embeddable":true,"href":"https:\/\/sindvigvr.com.br\/website\/wp-json\/wp\/v2\/comments?post=3027"}],"version-history":[{"count":0,"href":"https:\/\/sindvigvr.com.br\/website\/wp-json\/wp\/v2\/pages\/3027\/revisions"}],"wp:attachment":[{"href":"https:\/\/sindvigvr.com.br\/website\/wp-json\/wp\/v2\/media?parent=3027"}],"curies":[{"name":"wp","href":"https:\/\/api.w.org\/{rel}","templated":true}]}}