{"id":3559,"date":"2023-06-26T17:37:26","date_gmt":"2023-06-26T20:37:26","guid":{"rendered":"https:\/\/sindvigvr.com.br\/website\/?page_id=3559"},"modified":"2023-06-26T17:38:37","modified_gmt":"2023-06-26T20:38:37","slug":"comercio","status":"publish","type":"page","link":"https:\/\/sindvigvr.com.br\/website\/convenios\/comercio\/","title":{"rendered":"Com\u00e9rcio"},"content":{"rendered":"\t\t<div data-elementor-type=\"wp-page\" data-elementor-id=\"3559\" class=\"elementor elementor-3559\" data-elementor-post-type=\"page\">\n\t\t\t\t<div class=\"elementor-element elementor-element-5c6cb14 e-flex e-con-boxed e-con e-parent\" data-id=\"5c6cb14\" data-element_type=\"container\" data-e-type=\"container\">\n\t\t\t\t\t<div class=\"e-con-inner\">\n\t\t\t\t<div class=\"elementor-element elementor-element-93cd33d tpg-wrapper-align-left tpg-wrapper-align-left elementor-widget-mobile__width-initial meta-visibility-show title_position_default title_hover_border_default title-default img_hover_animation_default meta_position_default readmore-btn-default-style grid-hover-overlay-type-always tpg-el-box-border-enable tpg-border-bottom-disable elementor-widget elementor-widget-tpg-list-layout\" data-id=\"93cd33d\" data-element_type=\"widget\" data-e-type=\"widget\" data-widget_type=\"tpg-list-layout.default\">\n\t\t\t\t<div class=\"elementor-widget-container\">\n\t\t\t\t\t\n        <div class=\"rt-container-fluid rt-tpg-container tpg-el-main-wrapper list-layout1-main \"\n             data-sc-id=\"elementor\"\n             id=\"rt-tpg-container-3850978916\"\n             data-layout=\"list-layout1\"\n             data-grid-style=\"tpg-even\"\n             data-el-settings=''\n             data-el-query=''\n             data-el-path=''\n        >\n\t\t\t            <div class='tpg-header-wrapper '>\n\t\t\t\t            <\/div>\n\n            <div data-title=\"Loading ...\" class=\"rt-row rt-content-loader list-layout1 tpg-even list-behaviour list-layout-wrapper\">\n\t\t\t\t\n<div class=\"rt-col-md-12 rt-col-sm-12 rt-col-xs-12 default rt-list-item rt-grid-item\" data-id=\"4072\">\n\t<div class=\"rt-holder tpg-post-holder \">\n\t\t<div class=\"rt-detail rt-el-content-wrapper\">\n\t\t\t\t\t\t\t<div class=\"rt-img-holder tpg-el-image-wrap has-thumbnail\">\n\t\t\t\t\t<a data-id=\"4072\" href=\"https:\/\/sindvigvr.com.br\/website\/clube-de-vantagens-descontos-e-beneficios\/\" class=\"tpg-post-link\" target=\"_self\">                        <img fetchpriority=\"high\" decoding=\"async\" src=\"https:\/\/sindvigvr.com.br\/website\/wp-content\/uploads\/2024\/04\/clube-de-vantagens-avante-saude-sindicato-vigilantes-vr-scaled.jpg\"\n                             class=\"rt-img-responsive\"\n                             width=\"2560\"\n                             height=\"1722\"\n                             alt=\"Clube de Vantagens: descontos e benef\u00edcios em v\u00e1rios estabelecimentos\">\n\t\t\t\t\t\t\n\t\t\t\t\t\t\t\n\t\t<\/a>\n\t\t        <div class=\"overlay grid-hover-content\"><\/div>\n\t\t\t\t\t\t<\/div>\n\t\t\t\n\t\t\t<div class=\"post-right-content\">\n\t\t\t\t<div class=\"entry-title-wrapper\"><h3 class=\"entry-title\"><a data-id=\"4072\" href=\"https:\/\/sindvigvr.com.br\/website\/clube-de-vantagens-descontos-e-beneficios\/\" class=\"tpg-post-link\" target=\"_self\">Clube de Vantagens: descontos e benef\u00edcios em v\u00e1rios estabelecimentos<\/a><\/h3><\/div>\n\t\t\t\t\t\t\t\t\t<div class=\"post-meta-tags rt-el-post-meta\">\n\t\t\t\t\t\t            <span class='date'>\n\t\t\t\t<i class='far fa-calendar-alt '><\/i>\t\t\t\t                    <a href=\"https:\/\/sindvigvr.com.br\/website\/2024\/05\/23\/\">\n\t\t\t\t\t23 de maio de 2024\t\t\t\t<\/a>\n\t\t\t\t\t\t\t<\/span>\n\t\t\t\t\t\t\t\t<\/div>\n\t\t\t\t\n\t\t\t\t\t\t\t\t\t<div class=\"tpg-excerpt tpg-el-excerpt\">\n\t\t\t\t\t\t\t\t\t\t\t\t\t<div class=\"tpg-excerpt-inner\">\n\t\t\t\t\t\t\t\t\u00c9 com grande entusiasmo que compartilhamos com voc\u00eas uma novidade: o Clube de Vantagens. Este programa exclusivo, resultado da parceria entre o...\t\t\t\t\t\t\t<\/div>\n\t\t\t\t\t\t\t\t\t\t\t\t\t\t\t\t\t<\/div>\n\t\t\t\t\n\t\t\t\t        <div class=\"post-footer\">\n            <div class=\"post-footer\">\n                <div class=\"read-more\">\n\t\t\t\t\t<a data-id=\"4072\" href=\"https:\/\/sindvigvr.com.br\/website\/clube-de-vantagens-descontos-e-beneficios\/\" class=\"tpg-post-link\" target=\"_self\">Leia Mais<\/a>                <\/div>\n            <\/div>\n        <\/div>\n\t\t\t\t\t<\/div>\n\t\t<\/div>\n\t<\/div>\n<\/div>\n\n<div class=\"rt-col-md-12 rt-col-sm-12 rt-col-xs-12 default rt-list-item rt-grid-item\" data-id=\"3122\">\n\t<div class=\"rt-holder tpg-post-holder \">\n\t\t<div class=\"rt-detail rt-el-content-wrapper\">\n\t\t\t\t\t\t\t<div class=\"rt-img-holder tpg-el-image-wrap has-thumbnail\">\n\t\t\t\t\t<a data-id=\"3122\" href=\"https:\/\/sindvigvr.com.br\/website\/convenio-emily-bronze-tem-desconto-para-associados\/\" class=\"tpg-post-link\" target=\"_self\">                        <img decoding=\"async\" src=\"https:\/\/sindvigvr.com.br\/website\/wp-content\/uploads\/2023\/04\/emily-bronze-capa.jpg\"\n                             class=\"rt-img-responsive\"\n                             width=\"365\"\n                             height=\"274\"\n                             alt=\"emily-bronze-capa\">\n\t\t\t\t\t\t\n\t\t\t\t\t\t\t\n\t\t<\/a>\n\t\t        <div class=\"overlay grid-hover-content\"><\/div>\n\t\t\t\t\t\t<\/div>\n\t\t\t\n\t\t\t<div class=\"post-right-content\">\n\t\t\t\t<div class=\"entry-title-wrapper\"><h3 class=\"entry-title\"><a data-id=\"3122\" href=\"https:\/\/sindvigvr.com.br\/website\/convenio-emily-bronze-tem-desconto-para-associados\/\" class=\"tpg-post-link\" target=\"_self\">Conv\u00eanio Emily Bronze tem desconto para associados<\/a><\/h3><\/div>\n\t\t\t\t\t\t\t\t\t<div class=\"post-meta-tags rt-el-post-meta\">\n\t\t\t\t\t\t            <span class='date'>\n\t\t\t\t<i class='far fa-calendar-alt '><\/i>\t\t\t\t                    <a href=\"https:\/\/sindvigvr.com.br\/website\/2023\/04\/10\/\">\n\t\t\t\t\t10 de abril de 2023\t\t\t\t<\/a>\n\t\t\t\t\t\t\t<\/span>\n\t\t\t\t\t\t\t\t<\/div>\n\t\t\t\t\n\t\t\t\t\t\t\t\t\t<div class=\"tpg-excerpt tpg-el-excerpt\">\n\t\t\t\t\t\t\t\t\t\t\t\t\t<div class=\"tpg-excerpt-inner\">\n\t\t\t\t\t\t\t\tEmily Bronze \u00e9 um espa\u00e7o criado para oferecer bronzeamento artificial, bronzeamento natural e banho de lua.Atrav\u00e9s do conv\u00eanio com o Sindicato, os...\t\t\t\t\t\t\t<\/div>\n\t\t\t\t\t\t\t\t\t\t\t\t\t\t\t\t\t<\/div>\n\t\t\t\t\n\t\t\t\t        <div class=\"post-footer\">\n            <div class=\"post-footer\">\n                <div class=\"read-more\">\n\t\t\t\t\t<a data-id=\"3122\" href=\"https:\/\/sindvigvr.com.br\/website\/convenio-emily-bronze-tem-desconto-para-associados\/\" class=\"tpg-post-link\" target=\"_self\">Leia Mais<\/a>                <\/div>\n            <\/div>\n        <\/div>\n\t\t\t\t\t<\/div>\n\t\t<\/div>\n\t<\/div>\n<\/div>\n\n<div class=\"rt-col-md-12 rt-col-sm-12 rt-col-xs-12 default rt-list-item rt-grid-item\" data-id=\"1772\">\n\t<div class=\"rt-holder tpg-post-holder \">\n\t\t<div class=\"rt-detail rt-el-content-wrapper\">\n\t\t\t\t\t\t\t<div class=\"rt-img-holder tpg-el-image-wrap has-thumbnail\">\n\t\t\t\t\t<a data-id=\"1772\" href=\"https:\/\/sindvigvr.com.br\/website\/moveis-planejados-com-desconto-para-associados\/\" class=\"tpg-post-link\" target=\"_self\">                        <img decoding=\"async\" src=\"https:\/\/sindvigvr.com.br\/website\/wp-content\/uploads\/2019\/01\/cozinha-planejada-traco-original.jpg\"\n                             class=\"rt-img-responsive\"\n                             width=\"353\"\n                             height=\"214\"\n                             alt=\"M\u00f3veis planejados com desconto para associados\">\n\t\t\t\t\t\t\n\t\t\t\t\t\t\t\n\t\t<\/a>\n\t\t        <div class=\"overlay grid-hover-content\"><\/div>\n\t\t\t\t\t\t<\/div>\n\t\t\t\n\t\t\t<div class=\"post-right-content\">\n\t\t\t\t<div class=\"entry-title-wrapper\"><h3 class=\"entry-title\"><a data-id=\"1772\" href=\"https:\/\/sindvigvr.com.br\/website\/moveis-planejados-com-desconto-para-associados\/\" class=\"tpg-post-link\" target=\"_self\">M\u00f3veis planejados com desconto para associados<\/a><\/h3><\/div>\n\t\t\t\t\t\t\t\t\t<div class=\"post-meta-tags rt-el-post-meta\">\n\t\t\t\t\t\t            <span class='date'>\n\t\t\t\t<i class='far fa-calendar-alt '><\/i>\t\t\t\t                    <a href=\"https:\/\/sindvigvr.com.br\/website\/2019\/01\/28\/\">\n\t\t\t\t\t28 de janeiro de 2019\t\t\t\t<\/a>\n\t\t\t\t\t\t\t<\/span>\n\t\t\t\t\t\t\t\t<\/div>\n\t\t\t\t\n\t\t\t\t\t\t\t\t\t<div class=\"tpg-excerpt tpg-el-excerpt\">\n\t\t\t\t\t\t\t\t\t\t\t\t\t<div class=\"tpg-excerpt-inner\">\n\t\t\t\t\t\t\t\tO Sindicato dos Vigilantes acabou de fechar mais um conv\u00eanio para o benef\u00edcio de seus associados. Dessa vez foi com a Tra\u00e7o Original M\u00f3veis...\t\t\t\t\t\t\t<\/div>\n\t\t\t\t\t\t\t\t\t\t\t\t\t\t\t\t\t<\/div>\n\t\t\t\t\n\t\t\t\t        <div class=\"post-footer\">\n            <div class=\"post-footer\">\n                <div class=\"read-more\">\n\t\t\t\t\t<a data-id=\"1772\" href=\"https:\/\/sindvigvr.com.br\/website\/moveis-planejados-com-desconto-para-associados\/\" class=\"tpg-post-link\" target=\"_self\">Leia Mais<\/a>                <\/div>\n            <\/div>\n        <\/div>\n\t\t\t\t\t<\/div>\n\t\t<\/div>\n\t<\/div>\n<\/div>\n            <\/div>\n\n\t\t\t\n        <\/div>\n\t\t\t\t\t\t<\/div>\n\t\t\t\t<\/div>\n\t\t\t\t\t<\/div>\n\t\t\t\t<\/div>\n\t\t\t\t<\/div>\n\t\t","protected":false},"excerpt":{"rendered":"<p>Conv\u00eanio Emily Bronze tem desconto para associados 10 de abril de 2023 Emily Bronze \u00e9 um espa\u00e7o criado para oferecer bronzeamento artificial, bronzeamento natural e banho de lua.Atrav\u00e9s do conv\u00eanio com o Sindicato, os&#8230; Leia Mais<\/p>\n","protected":false},"author":1,"featured_media":0,"parent":2944,"menu_order":0,"comment_status":"closed","ping_status":"closed","template":"","meta":{"footnotes":""},"class_list":["post-3559","page","type-page","status-publish","hentry"],"rttpg_featured_image_url":null,"rttpg_author":{"display_name":"servidormaster","author_link":"https:\/\/sindvigvr.com.br\/website\/author\/servidormaster\/"},"rttpg_comment":0,"rttpg_category":"","rttpg_excerpt":"Conv\u00eanio Emily Bronze tem desconto para associados 10 de abril de 2023 Emily Bronze \u00e9 um espa\u00e7o criado para oferecer bronzeamento artificial, bronzeamento natural e banho de lua.Atrav\u00e9s do conv\u00eanio com o Sindicato, os&#8230; Leia Mais","_links":{"self":[{"href":"https:\/\/sindvigvr.com.br\/website\/wp-json\/wp\/v2\/pages\/3559","targetHints":{"allow":["GET"]}}],"collection":[{"href":"https:\/\/sindvigvr.com.br\/website\/wp-json\/wp\/v2\/pages"}],"about":[{"href":"https:\/\/sindvigvr.com.br\/website\/wp-json\/wp\/v2\/types\/page"}],"author":[{"embeddable":true,"href":"https:\/\/sindvigvr.com.br\/website\/wp-json\/wp\/v2\/users\/1"}],"replies":[{"embeddable":true,"href":"https:\/\/sindvigvr.com.br\/website\/wp-json\/wp\/v2\/comments?post=3559"}],"version-history":[{"count":0,"href":"https:\/\/sindvigvr.com.br\/website\/wp-json\/wp\/v2\/pages\/3559\/revisions"}],"up":[{"embeddable":true,"href":"https:\/\/sindvigvr.com.br\/website\/wp-json\/wp\/v2\/pages\/2944"}],"wp:attachment":[{"href":"https:\/\/sindvigvr.com.br\/website\/wp-json\/wp\/v2\/media?parent=3559"}],"curies":[{"name":"wp","href":"https:\/\/api.w.org\/{rel}","templated":true}]}}